{"id":1685,"date":"2025-01-16T21:53:49","date_gmt":"2025-01-16T21:53:49","guid":{"rendered":"https:\/\/retornoalpueblo.com\/catas\/?page_id=1685"},"modified":"2025-01-16T22:10:54","modified_gmt":"2025-01-16T22:10:54","slug":"vinoteca","status":"publish","type":"page","link":"https:\/\/retornoalpueblo.com\/catas\/vinoteca\/","title":{"rendered":"La vinoteca"},"content":{"rendered":"\n<div class=\"wp-block-uagb-container uagb-block-e7941089 alignfull uagb-is-root-container\"><div class=\"uagb-container-inner-blocks-wrap\">\n<div class=\"wp-block-uagb-advanced-heading uagb-block-18c88d4d\"><h1 class=\"uagb-heading-text\">LA VINOTECA<\/h1><\/div>\n<\/div><\/div>\n\n\n\n<div class=\"wp-block-uagb-container uagb-block-774ccaef alignfull uagb-is-root-container\"><div class=\"uagb-container-inner-blocks-wrap\">\n<div class=\"wp-block-uagb-advanced-heading uagb-block-4b550b04\"><p class=\"uagb-desc-text\">Descubre Nuestros Vinos<\/p><h2 class=\"uagb-heading-text\">Catas y Degustaciones<\/h2><\/div>\n\n\n\n<div class=\"wp-block-uagb-container uagb-block-06e32ec4\">\n<div class=\"wp-block-uagb-container uagb-block-b19f17b1\">\n<div class=\"wp-block-uagb-image alignleft uagb-block-c832eb1e wp-block-uagb-image--layout-default wp-block-uagb-image--effect-static wp-block-uagb-image--align-left\"><figure class=\"wp-block-uagb-image__figure\"><img decoding=\"async\" srcset=\"https:\/\/retornoalpueblo.com\/catas\/wp-content\/uploads\/2025\/01\/pexels-photo-2381345.jpeg , https:\/\/retornoalpueblo.com\/catas\/wp-content\/uploads\/2025\/01\/pexels-photo-2381345.jpeg 360w\" sizes=\"auto, (max-width: 480px) 150px\" src=\"https:\/\/retornoalpueblo.com\/catas\/wp-content\/uploads\/2025\/01\/pexels-photo-2381345.jpeg\" alt=\"\" class=\"uag-image-74\" width=\"560\" height=\"400\" title=\"\" loading=\"lazy\" role=\"img\"\/><\/figure><\/div>\n<\/div>\n\n\n\n<div class=\"wp-block-uagb-container uagb-block-b4e5e671\">\n<div class=\"wp-block-uagb-advanced-heading uagb-block-24f0d5aa\"><h3 class=\"uagb-heading-text\">Vinos<\/h3><div class=\"uagb-separator\"><\/div><\/div>\n\n\n\n<div class=\"wp-block-uagb-advanced-heading uagb-block-b218cd34\"><p class=\"uagb-heading-text\">Catas de Godello<\/p><p class=\"uagb-desc-text\">Degustaci\u00f3n de Godello, fresco y afrutado que deleita.<\/p><div class=\"uagb-separator\"><\/div><\/div>\n\n\n\n<div class=\"wp-block-uagb-advanced-heading uagb-block-1b4cadad\"><p class=\"uagb-heading-text\">Fascinaci\u00f3n por la Menc\u00eda<\/p><p class=\"uagb-desc-text\">Menc\u00eda, un tinto suave con notas de frutos rojos.<\/p><div class=\"uagb-separator\"><\/div><\/div>\n\n\n\n<div class=\"wp-block-uagb-advanced-heading uagb-block-f8213767\"><p class=\"uagb-heading-text\">Garnacha en su esplendor<\/p><p class=\"uagb-desc-text\">Garnacha, rica en sabores intensos y aromas florales.<\/p><\/div>\n<\/div>\n<\/div>\n\n\n\n<div class=\"wp-block-uagb-container uagb-block-57e1782a\">\n<div class=\"wp-block-uagb-container uagb-block-0b896a52\">\n<div class=\"wp-block-uagb-advanced-heading uagb-block-bd3e4bdd\"><h3 class=\"uagb-heading-text\">Delicias Gourmet<\/h3><div class=\"uagb-separator\"><\/div><\/div>\n\n\n\n<div class=\"wp-block-uagb-advanced-heading uagb-block-72f9c18d\"><p class=\"uagb-heading-text\">Embutidos de la regi\u00f3n<\/p><p class=\"uagb-desc-text\">Embutidos locales, sabor aut\u00e9ntico que complementa perfectamente el vino.<\/p><div class=\"uagb-separator\"><\/div><\/div>\n\n\n\n<div class=\"wp-block-uagb-advanced-heading uagb-block-b14cb79f\"><p class=\"uagb-heading-text\">Quesos selectos<\/p><p class=\"uagb-desc-text\">Quesos curados, una delicia para los amantes del buen comer.<\/p><div class=\"uagb-separator\"><\/div><\/div>\n\n\n\n<div class=\"wp-block-uagb-advanced-heading uagb-block-111b74a4\"><p class=\"uagb-heading-text\">Otros sabores t\u00edpicos<\/p><p class=\"uagb-desc-text\">Selecci\u00f3n de mermeladas artesanas que sorprenden en cada bocado.<\/p><\/div>\n<\/div>\n\n\n\n<div class=\"wp-block-uagb-container uagb-block-108b209e\">\n<div class=\"wp-block-uagb-image alignright uagb-block-99ff2ad0 wp-block-uagb-image--layout-default wp-block-uagb-image--effect-static wp-block-uagb-image--align-right\"><figure class=\"wp-block-uagb-image__figure\"><img decoding=\"async\" srcset=\"https:\/\/retornoalpueblo.com\/catas\/wp-content\/uploads\/2025\/01\/pexels-photo-30196880.jpeg ,https:\/\/retornoalpueblo.com\/catas\/wp-content\/uploads\/2025\/01\/pexels-photo-30196880.jpeg 780w, https:\/\/retornoalpueblo.com\/catas\/wp-content\/uploads\/2025\/01\/pexels-photo-30196880.jpeg 360w\" sizes=\"auto, (max-width: 480px) 150px\" src=\"https:\/\/retornoalpueblo.com\/catas\/wp-content\/uploads\/2025\/01\/pexels-photo-30196880.jpeg\" alt=\"\" class=\"uag-image-75\" width=\"560\" height=\"400\" title=\"\" loading=\"lazy\" role=\"img\"\/><\/figure><\/div>\n<\/div>\n<\/div>\n\n\n\n<div class=\"wp-block-uagb-container uagb-block-37d69c67\">\n<div class=\"wp-block-uagb-container uagb-block-e9d8c8bb\">\n<div class=\"wp-block-uagb-image alignleft uagb-block-a1355384 wp-block-uagb-image--layout-default wp-block-uagb-image--effect-static wp-block-uagb-image--align-left\"><figure class=\"wp-block-uagb-image__figure\"><img decoding=\"async\" srcset=\"https:\/\/retornoalpueblo.com\/catas\/wp-content\/uploads\/2025\/01\/pexels-photo-696219.jpeg ,https:\/\/retornoalpueblo.com\/catas\/wp-content\/uploads\/2025\/01\/pexels-photo-696219.jpeg 780w, https:\/\/retornoalpueblo.com\/catas\/wp-content\/uploads\/2025\/01\/pexels-photo-696219.jpeg 360w\" sizes=\"auto, (max-width: 480px) 150px\" src=\"https:\/\/retornoalpueblo.com\/catas\/wp-content\/uploads\/2025\/01\/pexels-photo-696219.jpeg\" alt=\"\" class=\"uag-image-66\" width=\"560\" height=\"400\" title=\"\" loading=\"lazy\" role=\"img\"\/><\/figure><\/div>\n<\/div>\n\n\n\n<div class=\"wp-block-uagb-container uagb-block-a3388eca\">\n<div class=\"wp-block-uagb-advanced-heading uagb-block-641231bf\"><h3 class=\"uagb-heading-text\">Catas<\/h3><div class=\"uagb-separator\"><\/div><\/div>\n\n\n\n<div class=\"wp-block-uagb-advanced-heading uagb-block-d5fb85bb\"><p class=\"uagb-heading-text\">Vinos de la DO Valdeorras<\/p><p class=\"uagb-desc-text\">Variedad de Godello, Menc\u00eda y Garnacha de alta calidad.<\/p><div class=\"uagb-separator\"><\/div><\/div>\n\n\n\n<div class=\"wp-block-uagb-advanced-heading uagb-block-5b07f182\"><p class=\"uagb-heading-text\">Embutidos y Quesos<\/p><p class=\"uagb-desc-text\">Selecci\u00f3n de embutidos t\u00edpicos de la regi\u00f3n gallega.<\/p><div class=\"uagb-separator\"><\/div><\/div>\n\n\n\n<div class=\"wp-block-uagb-advanced-heading uagb-block-b544bf47\"><p class=\"uagb-heading-text\">Otras Especialidades<\/p><p class=\"uagb-desc-text\">Deliciosos quesos locales y especialidades regionales.<\/p><\/div>\n<\/div>\n<\/div>\n<\/div><\/div>\n\n\n\n<div class=\"wp-block-uagb-container uagb-block-c2a4df81 alignfull uagb-is-root-container\"><div class=\"uagb-container-inner-blocks-wrap\">\n<div class=\"wp-block-uagb-info-box uagb-block-9bc2696c uagb-infobox__content-wrap  uagb-infobox-icon-above-title uagb-infobox-image-valign-top\"><div class=\"uagb-ifb-content\"><div class=\"uagb-ifb-title-wrap\"><h3 class=\"uagb-ifb-title\">Reserva tu experiencia ahora<\/h3><\/div><p class=\"uagb-ifb-desc\">No dudes en asegurar tu lugar para nuestra pr\u00f3xima cata de vinos<\/p><div class=\"uagb-ifb-button-wrapper wp-block-button\"><a href=\"https:\/\/retornoalpueblo.com\/catas\/producto\/cata-presencial-en-o-retorno-24-01-2025\/\" class=\"uagb-infobox-cta-link wp-block-button__link\" target=\"_self\" rel=\"noopener noreferrer\" onclick=\"return true;\"><span class=\"uagb-inline-editing\">Reserva tu cata ahora<\/span><\/a><\/div><\/div><\/div>\n\n\n\n<div class=\"wp-block-uagb-container uagb-block-a36ed16a\"><\/div>\n<\/div><\/div>\n","protected":false},"excerpt":{"rendered":"<p>LA VINOTECA Descubre Nuestros Vinos Catas y Degustaciones Vinos Catas de Godello Degustaci\u00f3n de Godello, fresco y afrutado que deleita. [&hellip;]<\/p>\n","protected":false},"author":1,"featured_media":0,"parent":0,"menu_order":0,"comment_status":"closed","ping_status":"closed","template":"","meta":{"_uag_custom_page_level_css":"","site-sidebar-layout":"default","site-content-layout":"page-builder","ast-site-content-layout":"full-width-container","site-content-style":"unboxed","site-sidebar-style":"unboxed","ast-global-header-display":"","ast-banner-title-visibility":"","ast-main-header-display":"","ast-hfb-above-header-display":"","ast-hfb-below-header-display":"","ast-hfb-mobile-header-display":"","site-post-title":"disabled","ast-breadcrumbs-content":"","ast-featured-img":"","footer-sml-layout":"","ast-disable-related-posts":"","theme-transparent-header-meta":"enabled","adv-header-id-meta":"","stick-header-meta":"","header-above-stick-meta":"","header-main-stick-meta":"","header-below-stick-meta":"","astra-migrate-meta-layouts":"set","ast-page-background-enabled":"default","ast-page-background-meta":{"desktop":{"background-color":"var(--ast-global-color-4)","background-image":"","background-repeat":"repeat","background-position":"center center","background-size":"auto","background-attachment":"scroll","background-type":"","background-media":"","overlay-type":"","overlay-color":"","overlay-opacity":"","overlay-gradient":""},"tablet":{"background-color":"","background-image":"","background-repeat":"repeat","background-position":"center center","background-size":"auto","background-attachment":"scroll","background-type":"","background-media":"","overlay-type":"","overlay-color":"","overlay-opacity":"","overlay-gradient":""},"mobile":{"background-color":"","background-image":"","background-repeat":"repeat","background-position":"center center","background-size":"auto","background-attachment":"scroll","background-type":"","background-media":"","overlay-type":"","overlay-color":"","overlay-opacity":"","overlay-gradient":""}},"ast-content-background-meta":{"desktop":{"background-color":"var(--ast-global-color-5)","background-image":"","background-repeat":"repeat","background-position":"center center","background-size":"auto","background-attachment":"scroll","background-type":"","background-media":"","overlay-type":"","overlay-color":"","overlay-opacity":"","overlay-gradient":""},"tablet":{"background-color":"var(--ast-global-color-5)","background-image":"","background-repeat":"repeat","background-position":"center center","background-size":"auto","background-attachment":"scroll","background-type":"","background-media":"","overlay-type":"","overlay-color":"","overlay-opacity":"","overlay-gradient":""},"mobile":{"background-color":"var(--ast-global-color-5)","background-image":"","background-repeat":"repeat","background-position":"center center","background-size":"auto","background-attachment":"scroll","background-type":"","background-media":"","overlay-type":"","overlay-color":"","overlay-opacity":"","overlay-gradient":""}},"footnotes":""},"class_list":["post-1685","page","type-page","status-publish","hentry"],"uagb_featured_image_src":{"full":false,"thumbnail":false,"medium":false,"medium_large":false,"large":false,"1536x1536":false,"2048x2048":false,"woocommerce_thumbnail":false,"woocommerce_single":false,"woocommerce_gallery_thumbnail":false},"uagb_author_info":{"display_name":"admin","author_link":"https:\/\/retornoalpueblo.com\/catas\/author\/admin\/"},"uagb_comment_info":0,"uagb_excerpt":"LA VINOTECA Descubre Nuestros Vinos Catas y Degustaciones Vinos Catas de Godello Degustaci\u00f3n de Godello, fresco y afrutado que deleita. [&hellip;]","_links":{"self":[{"href":"https:\/\/retornoalpueblo.com\/catas\/wp-json\/wp\/v2\/pages\/1685","targetHints":{"allow":["GET"]}}],"collection":[{"href":"https:\/\/retornoalpueblo.com\/catas\/wp-json\/wp\/v2\/pages"}],"about":[{"href":"https:\/\/retornoalpueblo.com\/catas\/wp-json\/wp\/v2\/types\/page"}],"author":[{"embeddable":true,"href":"https:\/\/retornoalpueblo.com\/catas\/wp-json\/wp\/v2\/users\/1"}],"replies":[{"embeddable":true,"href":"https:\/\/retornoalpueblo.com\/catas\/wp-json\/wp\/v2\/comments?post=1685"}],"version-history":[{"count":6,"href":"https:\/\/retornoalpueblo.com\/catas\/wp-json\/wp\/v2\/pages\/1685\/revisions"}],"predecessor-version":[{"id":1917,"href":"https:\/\/retornoalpueblo.com\/catas\/wp-json\/wp\/v2\/pages\/1685\/revisions\/1917"}],"wp:attachment":[{"href":"https:\/\/retornoalpueblo.com\/catas\/wp-json\/wp\/v2\/media?parent=1685"}],"curies":[{"name":"wp","href":"https:\/\/api.w.org\/{rel}","templated":true}]}}