{"id":2060,"date":"2026-04-23T18:08:30","date_gmt":"2026-04-23T18:08:30","guid":{"rendered":"https:\/\/retornoalpueblo.com\/catas\/?post_type=product&#038;p=2060"},"modified":"2026-04-23T18:12:20","modified_gmt":"2026-04-23T18:12:20","slug":"festival-del-vino-vignerons","status":"publish","type":"product","link":"https:\/\/retornoalpueblo.com\/catas\/producto\/festival-del-vino-vignerons\/","title":{"rendered":"Festival del vino Vignerons"},"content":{"rendered":"<p data-start=\"403\" data-end=\"651\">Vive una jornada inolvidable para los amantes del vino con esta escapada al <strong data-start=\"479\" data-end=\"510\">Festival del Vino Vignerons<\/strong>, en Puente de Domingo Fl\u00f3rez. Una experiencia pensada para disfrutar sin preocupaciones, combinando enoturismo, gastronom\u00eda y buen ambiente.<\/p>\n<p data-start=\"653\" data-end=\"952\">El plan incluye transporte en autob\u00fas de ida y vuelta (con paradas en A R\u00faa y O Barco), acceso al festival y la oportunidad de descubrir de primera mano <strong data-start=\"806\" data-end=\"850\">13 bodegas de distintos puntos de Espa\u00f1a<\/strong>, con la posibilidad de degustar <strong data-start=\"883\" data-end=\"913\">m\u00e1s de 80 vinos diferentes<\/strong>.<\/p>\n<p data-start=\"954\" data-end=\"1240\">Adem\u00e1s, podr\u00e1s comprar directamente a las bodegas, disfrutar de comida durante el evento (embutidos, pizzas y empanadas) y vivir la experiencia acompa\u00f1ada de <strong data-start=\"1112\" data-end=\"1133\">m\u00fasica en directo<\/strong>, creando un ambiente perfecto para compartir con amigos o en pareja.<\/p>\n<p data-start=\"1242\" data-end=\"1361\">\ud83d\udcc5 <strong data-start=\"1245\" data-end=\"1255\">Fecha:<\/strong> 16 de mayo<br data-start=\"1266\" data-end=\"1269\" \/>\ud83d\udd52 <strong data-start=\"1272\" data-end=\"1284\">Horario:<\/strong> salida 11:30 \u2013 regreso 19:00<br data-start=\"1313\" data-end=\"1316\" \/>\ud83d\udcb6 <strong data-start=\"1319\" data-end=\"1330\">Precio:<\/strong> 35 \u20ac<br data-start=\"1335\" data-end=\"1338\" \/>\u26a0\ufe0f <strong data-start=\"1341\" data-end=\"1361\">Plazas limitadas<\/strong><\/p>\n<p data-start=\"1363\" data-end=\"1494\">Una oportunidad perfecta para descubrir nuevos vinos, conocer bodegueros y pasar un d\u00eda diferente alrededor de la cultura del vino.<\/p>\n","protected":false},"excerpt":{"rendered":"<p class=\"\" data-start=\"94\" data-end=\"281\">Disfruta de una experiencia \u00fanica en el <strong data-start=\"150\" data-end=\"181\">Festival del Vino Vignerons<\/strong> en Puente de Domingo Fl\u00f3rez. Incluye transporte en autob\u00fas, entrada al evento, degustaci\u00f3n de m\u00e1s de 80 vinos de 13 bodegas, comida y m\u00fasica en directo.<br data-start=\"334\" data-end=\"337\" \/>\ud83d\udcc5 16 de mayo | Plazas limitadas.<\/p>\n","protected":false},"featured_media":2061,"template":"","meta":{"_uag_custom_page_level_css":"","site-sidebar-layout":"default","site-content-layout":"","ast-site-content-layout":"default","site-content-style":"default","site-sidebar-style":"default","ast-global-header-display":"","ast-banner-title-visibility":"","ast-main-header-display":"","ast-hfb-above-header-display":"","ast-hfb-below-header-display":"","ast-hfb-mobile-header-display":"","site-post-title":"","ast-breadcrumbs-content":"","ast-featured-img":"","footer-sml-layout":"","ast-disable-related-posts":"","theme-transparent-header-meta":"default","adv-header-id-meta":"","stick-header-meta":"","header-above-stick-meta":"","header-main-stick-meta":"","header-below-stick-meta":"","astra-migrate-meta-layouts":"set","ast-page-background-enabled":"default","ast-page-background-meta":{"desktop":{"background-color":"var(--ast-global-color-4)","background-image":"","background-repeat":"repeat","background-position":"center center","background-size":"auto","background-attachment":"scroll","background-type":"","background-media":"","overlay-type":"","overlay-color":"","overlay-opacity":"","overlay-gradient":""},"tablet":{"background-color":"","background-image":"","background-repeat":"repeat","background-position":"center center","background-size":"auto","background-attachment":"scroll","background-type":"","background-media":"","overlay-type":"","overlay-color":"","overlay-opacity":"","overlay-gradient":""},"mobile":{"background-color":"","background-image":"","background-repeat":"repeat","background-position":"center center","background-size":"auto","background-attachment":"scroll","background-type":"","background-media":"","overlay-type":"","overlay-color":"","overlay-opacity":"","overlay-gradient":""}},"ast-content-background-meta":{"desktop":{"background-color":"var(--ast-global-color-5)","background-image":"","background-repeat":"repeat","background-position":"center center","background-size":"auto","background-attachment":"scroll","background-type":"","background-media":"","overlay-type":"","overlay-color":"","overlay-opacity":"","overlay-gradient":""},"tablet":{"background-color":"var(--ast-global-color-5)","background-image":"","background-repeat":"repeat","background-position":"center center","background-size":"auto","background-attachment":"scroll","background-type":"","background-media":"","overlay-type":"","overlay-color":"","overlay-opacity":"","overlay-gradient":""},"mobile":{"background-color":"var(--ast-global-color-5)","background-image":"","background-repeat":"repeat","background-position":"center center","background-size":"auto","background-attachment":"scroll","background-type":"","background-media":"","overlay-type":"","overlay-color":"","overlay-opacity":"","overlay-gradient":""}}},"product_brand":[],"product_cat":[17],"product_tag":[],"class_list":{"0":"post-2060","1":"product","2":"type-product","3":"status-publish","4":"has-post-thumbnail","6":"product_cat-catas","7":"desktop-align-left","8":"tablet-align-left","9":"mobile-align-left","11":"first","12":"instock","13":"featured","14":"virtual","15":"taxable","16":"purchasable","17":"product-type-simple"},"uagb_featured_image_src":{"full":["https:\/\/retornoalpueblo.com\/catas\/wp-content\/uploads\/2026\/04\/Festival-del-vino-Vignerons.png",541,956,false],"thumbnail":["https:\/\/retornoalpueblo.com\/catas\/wp-content\/uploads\/2026\/04\/Festival-del-vino-Vignerons-150x150.png",150,150,true],"medium":["https:\/\/retornoalpueblo.com\/catas\/wp-content\/uploads\/2026\/04\/Festival-del-vino-Vignerons-170x300.png",170,300,true],"medium_large":["https:\/\/retornoalpueblo.com\/catas\/wp-content\/uploads\/2026\/04\/Festival-del-vino-Vignerons.png",541,956,false],"large":["https:\/\/retornoalpueblo.com\/catas\/wp-content\/uploads\/2026\/04\/Festival-del-vino-Vignerons.png",541,956,false],"1536x1536":["https:\/\/retornoalpueblo.com\/catas\/wp-content\/uploads\/2026\/04\/Festival-del-vino-Vignerons.png",541,956,false],"2048x2048":["https:\/\/retornoalpueblo.com\/catas\/wp-content\/uploads\/2026\/04\/Festival-del-vino-Vignerons.png",541,956,false],"woocommerce_thumbnail":["https:\/\/retornoalpueblo.com\/catas\/wp-content\/uploads\/2026\/04\/Festival-del-vino-Vignerons-300x300.png",300,300,true],"woocommerce_single":["https:\/\/retornoalpueblo.com\/catas\/wp-content\/uploads\/2026\/04\/Festival-del-vino-Vignerons.png",541,956,false],"woocommerce_gallery_thumbnail":["https:\/\/retornoalpueblo.com\/catas\/wp-content\/uploads\/2026\/04\/Festival-del-vino-Vignerons-100x100.png",100,100,true]},"uagb_author_info":{"display_name":"admin","author_link":"https:\/\/retornoalpueblo.com\/catas\/author\/"},"uagb_comment_info":0,"uagb_excerpt":"Disfruta de una experiencia \u00fanica en el Festival del Vino Vignerons en Puente de Domingo Fl\u00f3rez. Incluye transporte en autob\u00fas, entrada al evento, degustaci\u00f3n de m\u00e1s de 80 vinos de 13 bodegas, comida y m\u00fasica en directo.\ud83d\udcc5 16 de mayo | Plazas limitadas.","_links":{"self":[{"href":"https:\/\/retornoalpueblo.com\/catas\/wp-json\/wp\/v2\/product\/2060","targetHints":{"allow":["GET"]}}],"collection":[{"href":"https:\/\/retornoalpueblo.com\/catas\/wp-json\/wp\/v2\/product"}],"about":[{"href":"https:\/\/retornoalpueblo.com\/catas\/wp-json\/wp\/v2\/types\/product"}],"wp:featuredmedia":[{"embeddable":true,"href":"https:\/\/retornoalpueblo.com\/catas\/wp-json\/wp\/v2\/media\/2061"}],"wp:attachment":[{"href":"https:\/\/retornoalpueblo.com\/catas\/wp-json\/wp\/v2\/media?parent=2060"}],"wp:term":[{"taxonomy":"product_brand","embeddable":true,"href":"https:\/\/retornoalpueblo.com\/catas\/wp-json\/wp\/v2\/product_brand?post=2060"},{"taxonomy":"product_cat","embeddable":true,"href":"https:\/\/retornoalpueblo.com\/catas\/wp-json\/wp\/v2\/product_cat?post=2060"},{"taxonomy":"product_tag","embeddable":true,"href":"https:\/\/retornoalpueblo.com\/catas\/wp-json\/wp\/v2\/product_tag?post=2060"}],"curies":[{"name":"wp","href":"https:\/\/api.w.org\/{rel}","templated":true}]}}